{"id":2177,"date":"2024-02-21T08:05:01","date_gmt":"2024-02-21T07:05:01","guid":{"rendered":"https:\/\/www.trombamaurizio.it\/empresa\/"},"modified":"2024-03-21T09:25:25","modified_gmt":"2024-03-21T08:25:25","slug":"empresa","status":"publish","type":"page","link":"https:\/\/www.trombamaurizio.it\/es\/empresa\/","title":{"rendered":"Empresa"},"content":{"rendered":"\t\t<div data-elementor-type=\"wp-page\" data-elementor-id=\"2177\" class=\"elementor elementor-2177 elementor-15\" data-elementor-post-type=\"page\">\n\t\t\t\t<div class=\"elementor-element elementor-element-5e8c2af e-flex e-con-boxed e-con e-parent\" data-id=\"5e8c2af\" data-element_type=\"container\" data-settings=\"{&quot;background_background&quot;:&quot;classic&quot;}\" data-core-v316-plus=\"true\">\n\t\t\t\t\t<div class=\"e-con-inner\">\n\t\t<div class=\"elementor-element elementor-element-ea6adb5 e-con-full e-flex e-con e-child\" data-id=\"ea6adb5\" data-element_type=\"container\">\n\t\t\t\t<div class=\"elementor-element elementor-element-41b93a4 elementor-widget__width-initial elementor-widget elementor-widget-image\" data-id=\"41b93a4\" data-element_type=\"widget\" data-widget_type=\"image.default\">\n\t\t\t\t<div class=\"elementor-widget-container\">\n\t\t\t<style>\/*! elementor - v3.20.0 - 26-03-2024 *\/\n.elementor-widget-image{text-align:center}.elementor-widget-image a{display:inline-block}.elementor-widget-image a img[src$=\".svg\"]{width:48px}.elementor-widget-image img{vertical-align:middle;display:inline-block}<\/style>\t\t\t\t\t\t\t\t\t\t<img fetchpriority=\"high\" decoding=\"async\" width=\"800\" height=\"534\" src=\"https:\/\/www.trombamaurizio.it\/wp-content\/uploads\/2024\/02\/team-1024x683.jpg\" class=\"attachment-large size-large wp-image-174\" alt=\"\" srcset=\"https:\/\/www.trombamaurizio.it\/wp-content\/uploads\/2024\/02\/team-1024x683.jpg 1024w, https:\/\/www.trombamaurizio.it\/wp-content\/uploads\/2024\/02\/team-300x200.jpg 300w, https:\/\/www.trombamaurizio.it\/wp-content\/uploads\/2024\/02\/team-768x512.jpg 768w, https:\/\/www.trombamaurizio.it\/wp-content\/uploads\/2024\/02\/team-1536x1024.jpg 1536w, https:\/\/www.trombamaurizio.it\/wp-content\/uploads\/2024\/02\/team.jpg 1920w\" sizes=\"(max-width: 800px) 100vw, 800px\" \/>\t\t\t\t\t\t\t\t\t\t\t\t\t<\/div>\n\t\t\t\t<\/div>\n\t\t<div class=\"elementor-element elementor-element-e605f3f e-con-full e-flex e-con e-child\" data-id=\"e605f3f\" data-element_type=\"container\">\n\t\t\t\t<div class=\"elementor-element elementor-element-9dd3f1e elementor-widget elementor-widget-heading\" data-id=\"9dd3f1e\" data-element_type=\"widget\" data-widget_type=\"heading.default\">\n\t\t\t\t<div class=\"elementor-widget-container\">\n\t\t\t<style>\/*! elementor - v3.20.0 - 26-03-2024 *\/\n.elementor-heading-title{padding:0;margin:0;line-height:1}.elementor-widget-heading .elementor-heading-title[class*=elementor-size-]>a{color:inherit;font-size:inherit;line-height:inherit}.elementor-widget-heading .elementor-heading-title.elementor-size-small{font-size:15px}.elementor-widget-heading .elementor-heading-title.elementor-size-medium{font-size:19px}.elementor-widget-heading .elementor-heading-title.elementor-size-large{font-size:29px}.elementor-widget-heading .elementor-heading-title.elementor-size-xl{font-size:39px}.elementor-widget-heading .elementor-heading-title.elementor-size-xxl{font-size:59px}<\/style><h2 class=\"elementor-heading-title elementor-size-default\">Tromba Maurizio s.n.c.<\/h2>\t\t<\/div>\n\t\t\t\t<\/div>\n\t\t\t\t<div class=\"elementor-element elementor-element-05fafb8 elementor-widget elementor-widget-heading\" data-id=\"05fafb8\" data-element_type=\"widget\" data-widget_type=\"heading.default\">\n\t\t\t\t<div class=\"elementor-widget-container\">\n\t\t\t<h2 class=\"elementor-heading-title elementor-size-default\">La empresa Maurizio Tromaba empez\u00f3 su negocio en 1967 como fabricante de bridas calandradas.<\/h2>\t\t<\/div>\n\t\t\t\t<\/div>\n\t\t\t\t<div class=\"elementor-element elementor-element-de1aa8f elementor-widget__width-initial elementor-widget elementor-widget-text-editor\" data-id=\"de1aa8f\" data-element_type=\"widget\" data-widget_type=\"text-editor.default\">\n\t\t\t\t<div class=\"elementor-widget-container\">\n\t\t\t<style>\/*! elementor - v3.20.0 - 26-03-2024 *\/\n.elementor-widget-text-editor.elementor-drop-cap-view-stacked .elementor-drop-cap{background-color:#69727d;color:#fff}.elementor-widget-text-editor.elementor-drop-cap-view-framed .elementor-drop-cap{color:#69727d;border:3px solid;background-color:transparent}.elementor-widget-text-editor:not(.elementor-drop-cap-view-default) .elementor-drop-cap{margin-top:8px}.elementor-widget-text-editor:not(.elementor-drop-cap-view-default) .elementor-drop-cap-letter{width:1em;height:1em}.elementor-widget-text-editor .elementor-drop-cap{float:left;text-align:center;line-height:1;font-size:50px}.elementor-widget-text-editor .elementor-drop-cap-letter{display:inline-block}<\/style>\t\t\t\t<p>precisamente a partir de 1996, por recibir solicitudes importantes para el calandrado de los perfiles, nos hemos especializado en la flexi\u00f3n de las diversas secciones comprando el equipo necesario y logrando resultados tecnol\u00f3gico innovadores.<\/p>\n<p>A partir de este momento, nuestro esfuerzo t\u00e9cnico ha sido vuelto hacia resolver las muchas demandas de los clientes, creciendo constantemente, solucionando cualquier tipo de solicitud.&nbsp;<\/p>\t\t\t\t\t\t<\/div>\n\t\t\t\t<\/div>\n\t\t\t\t<\/div>\n\t\t\t\t<\/div>\n\t\t\t\t<div class=\"elementor-element elementor-element-6e8c61a elementor-widget__width-initial elementor-widget elementor-widget-text-editor\" data-id=\"6e8c61a\" data-element_type=\"widget\" data-widget_type=\"text-editor.default\">\n\t\t\t\t<div class=\"elementor-widget-container\">\n\t\t\t\t\t\t\t<p><span style=\"color: var( --e-global-color-text );\">Ahora la empresa tiene nueve m\u00e1quinas de Plega Perfiles que le permite doblar cualquier tipo de secci\u00f3n que s\u00e9an vigas, UNP, angolares o tubos con el radio de curvatura requerido. El \u00fanico \u00abl\u00edmite\u00bb que tenemos es el dado por el radio m\u00ednimo de curvatura especificado por las normas de dise\u00f1o y seguridad vigentes.<\/span><\/p>\n<p>Podemos calandrar hasta 18 metros de longitud de la barra. Nuestros sistemas de elevaci\u00f3n nos permiten realizar y manejar elementos hasta un m\u00e1ximo de 10 toneladas.<\/p>\n<p>La versatilidad de los sistemas de control num\u00e9rico nos permite resolver plenamente a las necesidades de nuestros clientes, ofrecendoles adem\u00e1s un producto final de alta calidad y cumplendo con los m\u00e1s altos est\u00e1ndares exigidos por el mercado.<\/p>\n<p>El objetivo del compromiso de la empresa Maurizio Tomba s.n.c. es satisfacer las necesidades de nuestros clientes y seguir en una continua b\u00fasqueda de las innovaci\u00f3nes para mejorar la calidad de nuestro servicios.<br \/>Por esto, les rogamos de contactarnos para encontrar juntos soluci\u00f3nes segura a sus necesidades.<\/p>\n<p>La Maurizio Tromba S.n.c. se encuentra en Verona en salir de la carretera de la circunvalaci\u00f3n sur de Verona, a 3 km del peaje. Estamos conectado con las principales v\u00edas de acceso a la ciudad de Verona.<br \/>La empresa cuenta con una larga experiencia productiva en el campo de calandrado de vigas, tubos redondos, cuadrados y rectangulares y cualquier otra secci\u00f3n de perfil met\u00e1lico que uno quiere curvar.<\/p>\n\t\t\t\t\t\t<\/div>\n\t\t\t\t<\/div>\n\t\t\t\t\t<\/div>\n\t\t\t\t<\/div>\n\t\t\t\t<\/div>\n\t\t","protected":false},"excerpt":{"rendered":"<p>Tromba Maurizio s.n.c. La empresa Maurizio Tromaba empez\u00f3 su negocio en 1967 como fabricante de bridas calandradas. precisamente a partir de 1996, por recibir solicitudes importantes para el calandrado de los perfiles, nos hemos especializado en la flexi\u00f3n de las diversas secciones comprando el equipo necesario y logrando resultados tecnol\u00f3gico innovadores. A partir de este [&hellip;]<\/p>\n","protected":false},"author":1,"featured_media":0,"parent":0,"menu_order":0,"comment_status":"closed","ping_status":"closed","template":"elementor_header_footer","meta":{"footnotes":""},"class_list":["post-2177","page","type-page","status-publish","hentry"],"yoast_head":"<!-- This site is optimized with the Yoast SEO plugin v22.3 - https:\/\/yoast.com\/wordpress\/plugins\/seo\/ -->\n<title>Tromba Maurizio e Andrea | Despliegue y plegado de perfiles met\u00e1licos<\/title>\n<meta name=\"description\" content=\"La empresa cuenta con una larga experiencia productiva en el campo de despliegue y plegado de perfiles met\u00e1licos estructurales\" \/>\n<meta name=\"robots\" content=\"index, follow, max-snippet:-1, max-image-preview:large, max-video-preview:-1\" \/>\n<link rel=\"canonical\" href=\"https:\/\/www.trombamaurizio.it\/es\/empresa\/\" \/>\n<meta property=\"og:locale\" content=\"es_ES\" \/>\n<meta property=\"og:type\" content=\"article\" \/>\n<meta property=\"og:title\" content=\"Tromba Maurizio e Andrea | Despliegue y plegado de perfiles met\u00e1licos\" \/>\n<meta property=\"og:description\" content=\"La empresa cuenta con una larga experiencia productiva en el campo de despliegue y plegado de perfiles met\u00e1licos estructurales\" \/>\n<meta property=\"og:url\" content=\"https:\/\/www.trombamaurizio.it\/es\/empresa\/\" \/>\n<meta property=\"og:site_name\" content=\"Tromba Maurizio Andrea\" \/>\n<meta property=\"article:modified_time\" content=\"2024-03-21T08:25:25+00:00\" \/>\n<meta property=\"og:image\" content=\"https:\/\/www.trombamaurizio.it\/wp-content\/uploads\/2024\/02\/team-1024x683.jpg\" \/>\n<meta name=\"twitter:card\" content=\"summary_large_image\" \/>\n<meta name=\"twitter:label1\" content=\"Tiempo de lectura\" \/>\n\t<meta name=\"twitter:data1\" content=\"2 minutos\" \/>\n<script type=\"application\/ld+json\" class=\"yoast-schema-graph\">{\"@context\":\"https:\/\/schema.org\",\"@graph\":[{\"@type\":\"WebPage\",\"@id\":\"https:\/\/www.trombamaurizio.it\/es\/empresa\/\",\"url\":\"https:\/\/www.trombamaurizio.it\/es\/empresa\/\",\"name\":\"Tromba Maurizio e Andrea | Despliegue y plegado de perfiles met\u00e1licos\",\"isPartOf\":{\"@id\":\"https:\/\/www.trombamaurizio.it\/es\/#website\"},\"primaryImageOfPage\":{\"@id\":\"https:\/\/www.trombamaurizio.it\/es\/empresa\/#primaryimage\"},\"image\":{\"@id\":\"https:\/\/www.trombamaurizio.it\/es\/empresa\/#primaryimage\"},\"thumbnailUrl\":\"https:\/\/www.trombamaurizio.it\/wp-content\/uploads\/2024\/02\/team-1024x683.jpg\",\"datePublished\":\"2024-02-21T07:05:01+00:00\",\"dateModified\":\"2024-03-21T08:25:25+00:00\",\"description\":\"La empresa cuenta con una larga experiencia productiva en el campo de despliegue y plegado de perfiles met\u00e1licos estructurales\",\"breadcrumb\":{\"@id\":\"https:\/\/www.trombamaurizio.it\/es\/empresa\/#breadcrumb\"},\"inLanguage\":\"es\",\"potentialAction\":[{\"@type\":\"ReadAction\",\"target\":[\"https:\/\/www.trombamaurizio.it\/es\/empresa\/\"]}]},{\"@type\":\"ImageObject\",\"inLanguage\":\"es\",\"@id\":\"https:\/\/www.trombamaurizio.it\/es\/empresa\/#primaryimage\",\"url\":\"https:\/\/www.trombamaurizio.it\/wp-content\/uploads\/2024\/02\/team.jpg\",\"contentUrl\":\"https:\/\/www.trombamaurizio.it\/wp-content\/uploads\/2024\/02\/team.jpg\",\"width\":1920,\"height\":1280},{\"@type\":\"BreadcrumbList\",\"@id\":\"https:\/\/www.trombamaurizio.it\/es\/empresa\/#breadcrumb\",\"itemListElement\":[{\"@type\":\"ListItem\",\"position\":1,\"name\":\"Home\",\"item\":\"https:\/\/www.trombamaurizio.it\/es\/home\/\"},{\"@type\":\"ListItem\",\"position\":2,\"name\":\"Empresa\"}]},{\"@type\":\"WebSite\",\"@id\":\"https:\/\/www.trombamaurizio.it\/es\/#website\",\"url\":\"https:\/\/www.trombamaurizio.it\/es\/\",\"name\":\"Calandratura e curvatura di profili metallici strutturali\",\"description\":\"Calandratura e curvatura di profili metallici\",\"publisher\":{\"@id\":\"https:\/\/www.trombamaurizio.it\/es\/#organization\"},\"alternateName\":\"Calandratura e curvatura di profili metallici\",\"potentialAction\":[{\"@type\":\"SearchAction\",\"target\":{\"@type\":\"EntryPoint\",\"urlTemplate\":\"https:\/\/www.trombamaurizio.it\/es\/?s={search_term_string}\"},\"query-input\":\"required name=search_term_string\"}],\"inLanguage\":\"es\"},{\"@type\":\"Organization\",\"@id\":\"https:\/\/www.trombamaurizio.it\/es\/#organization\",\"name\":\"Calandratura e curvatura di profili metallici strutturali\",\"url\":\"https:\/\/www.trombamaurizio.it\/es\/\",\"logo\":{\"@type\":\"ImageObject\",\"inLanguage\":\"es\",\"@id\":\"https:\/\/www.trombamaurizio.it\/es\/#\/schema\/logo\/image\/\",\"url\":\"https:\/\/www.trombamaurizio.it\/wp-content\/uploads\/2024\/02\/logo_new.jpg\",\"contentUrl\":\"https:\/\/www.trombamaurizio.it\/wp-content\/uploads\/2024\/02\/logo_new.jpg\",\"width\":210,\"height\":121,\"caption\":\"Calandratura e curvatura di profili metallici strutturali\"},\"image\":{\"@id\":\"https:\/\/www.trombamaurizio.it\/es\/#\/schema\/logo\/image\/\"}}]}<\/script>\n<!-- \/ Yoast SEO plugin. -->","yoast_head_json":{"title":"Tromba Maurizio e Andrea | Despliegue y plegado de perfiles met\u00e1licos","description":"La empresa cuenta con una larga experiencia productiva en el campo de despliegue y plegado de perfiles met\u00e1licos estructurales","robots":{"index":"index","follow":"follow","max-snippet":"max-snippet:-1","max-image-preview":"max-image-preview:large","max-video-preview":"max-video-preview:-1"},"canonical":"https:\/\/www.trombamaurizio.it\/es\/empresa\/","og_locale":"es_ES","og_type":"article","og_title":"Tromba Maurizio e Andrea | Despliegue y plegado de perfiles met\u00e1licos","og_description":"La empresa cuenta con una larga experiencia productiva en el campo de despliegue y plegado de perfiles met\u00e1licos estructurales","og_url":"https:\/\/www.trombamaurizio.it\/es\/empresa\/","og_site_name":"Tromba Maurizio Andrea","article_modified_time":"2024-03-21T08:25:25+00:00","og_image":[{"url":"https:\/\/www.trombamaurizio.it\/wp-content\/uploads\/2024\/02\/team-1024x683.jpg"}],"twitter_card":"summary_large_image","twitter_misc":{"Tiempo de lectura":"2 minutos"},"schema":{"@context":"https:\/\/schema.org","@graph":[{"@type":"WebPage","@id":"https:\/\/www.trombamaurizio.it\/es\/empresa\/","url":"https:\/\/www.trombamaurizio.it\/es\/empresa\/","name":"Tromba Maurizio e Andrea | Despliegue y plegado de perfiles met\u00e1licos","isPartOf":{"@id":"https:\/\/www.trombamaurizio.it\/es\/#website"},"primaryImageOfPage":{"@id":"https:\/\/www.trombamaurizio.it\/es\/empresa\/#primaryimage"},"image":{"@id":"https:\/\/www.trombamaurizio.it\/es\/empresa\/#primaryimage"},"thumbnailUrl":"https:\/\/www.trombamaurizio.it\/wp-content\/uploads\/2024\/02\/team-1024x683.jpg","datePublished":"2024-02-21T07:05:01+00:00","dateModified":"2024-03-21T08:25:25+00:00","description":"La empresa cuenta con una larga experiencia productiva en el campo de despliegue y plegado de perfiles met\u00e1licos estructurales","breadcrumb":{"@id":"https:\/\/www.trombamaurizio.it\/es\/empresa\/#breadcrumb"},"inLanguage":"es","potentialAction":[{"@type":"ReadAction","target":["https:\/\/www.trombamaurizio.it\/es\/empresa\/"]}]},{"@type":"ImageObject","inLanguage":"es","@id":"https:\/\/www.trombamaurizio.it\/es\/empresa\/#primaryimage","url":"https:\/\/www.trombamaurizio.it\/wp-content\/uploads\/2024\/02\/team.jpg","contentUrl":"https:\/\/www.trombamaurizio.it\/wp-content\/uploads\/2024\/02\/team.jpg","width":1920,"height":1280},{"@type":"BreadcrumbList","@id":"https:\/\/www.trombamaurizio.it\/es\/empresa\/#breadcrumb","itemListElement":[{"@type":"ListItem","position":1,"name":"Home","item":"https:\/\/www.trombamaurizio.it\/es\/home\/"},{"@type":"ListItem","position":2,"name":"Empresa"}]},{"@type":"WebSite","@id":"https:\/\/www.trombamaurizio.it\/es\/#website","url":"https:\/\/www.trombamaurizio.it\/es\/","name":"Calandratura e curvatura di profili metallici strutturali","description":"Calandratura e curvatura di profili metallici","publisher":{"@id":"https:\/\/www.trombamaurizio.it\/es\/#organization"},"alternateName":"Calandratura e curvatura di profili metallici","potentialAction":[{"@type":"SearchAction","target":{"@type":"EntryPoint","urlTemplate":"https:\/\/www.trombamaurizio.it\/es\/?s={search_term_string}"},"query-input":"required name=search_term_string"}],"inLanguage":"es"},{"@type":"Organization","@id":"https:\/\/www.trombamaurizio.it\/es\/#organization","name":"Calandratura e curvatura di profili metallici strutturali","url":"https:\/\/www.trombamaurizio.it\/es\/","logo":{"@type":"ImageObject","inLanguage":"es","@id":"https:\/\/www.trombamaurizio.it\/es\/#\/schema\/logo\/image\/","url":"https:\/\/www.trombamaurizio.it\/wp-content\/uploads\/2024\/02\/logo_new.jpg","contentUrl":"https:\/\/www.trombamaurizio.it\/wp-content\/uploads\/2024\/02\/logo_new.jpg","width":210,"height":121,"caption":"Calandratura e curvatura di profili metallici strutturali"},"image":{"@id":"https:\/\/www.trombamaurizio.it\/es\/#\/schema\/logo\/image\/"}}]}},"_links":{"self":[{"href":"https:\/\/www.trombamaurizio.it\/es\/wp-json\/wp\/v2\/pages\/2177","targetHints":{"allow":["GET"]}}],"collection":[{"href":"https:\/\/www.trombamaurizio.it\/es\/wp-json\/wp\/v2\/pages"}],"about":[{"href":"https:\/\/www.trombamaurizio.it\/es\/wp-json\/wp\/v2\/types\/page"}],"author":[{"embeddable":true,"href":"https:\/\/www.trombamaurizio.it\/es\/wp-json\/wp\/v2\/users\/1"}],"replies":[{"embeddable":true,"href":"https:\/\/www.trombamaurizio.it\/es\/wp-json\/wp\/v2\/comments?post=2177"}],"version-history":[{"count":3,"href":"https:\/\/www.trombamaurizio.it\/es\/wp-json\/wp\/v2\/pages\/2177\/revisions"}],"predecessor-version":[{"id":2180,"href":"https:\/\/www.trombamaurizio.it\/es\/wp-json\/wp\/v2\/pages\/2177\/revisions\/2180"}],"wp:attachment":[{"href":"https:\/\/www.trombamaurizio.it\/es\/wp-json\/wp\/v2\/media?parent=2177"}],"curies":[{"name":"wp","href":"https:\/\/api.w.org\/{rel}","templated":true}]}}