{"id":2161,"date":"2024-02-21T08:05:01","date_gmt":"2024-02-21T07:05:01","guid":{"rendered":"https:\/\/www.trombamaurizio.it\/unternehmen\/"},"modified":"2024-03-21T09:07:23","modified_gmt":"2024-03-21T08:07:23","slug":"unternehmen","status":"publish","type":"page","link":"https:\/\/www.trombamaurizio.it\/de\/unternehmen\/","title":{"rendered":"Unternehmen"},"content":{"rendered":"\t\t<div data-elementor-type=\"wp-page\" data-elementor-id=\"2161\" class=\"elementor elementor-2161 elementor-15\" data-elementor-post-type=\"page\">\n\t\t\t\t<div class=\"elementor-element elementor-element-5e8c2af e-flex e-con-boxed e-con e-parent\" data-id=\"5e8c2af\" data-element_type=\"container\" data-settings=\"{&quot;background_background&quot;:&quot;classic&quot;}\" data-core-v316-plus=\"true\">\n\t\t\t\t\t<div class=\"e-con-inner\">\n\t\t<div class=\"elementor-element elementor-element-ea6adb5 e-con-full e-flex e-con e-child\" data-id=\"ea6adb5\" data-element_type=\"container\">\n\t\t\t\t<div class=\"elementor-element elementor-element-41b93a4 elementor-widget__width-initial elementor-widget elementor-widget-image\" data-id=\"41b93a4\" data-element_type=\"widget\" data-widget_type=\"image.default\">\n\t\t\t\t<div class=\"elementor-widget-container\">\n\t\t\t<style>\/*! elementor - v3.20.0 - 26-03-2024 *\/\n.elementor-widget-image{text-align:center}.elementor-widget-image a{display:inline-block}.elementor-widget-image a img[src$=\".svg\"]{width:48px}.elementor-widget-image img{vertical-align:middle;display:inline-block}<\/style>\t\t\t\t\t\t\t\t\t\t<img fetchpriority=\"high\" decoding=\"async\" width=\"800\" height=\"534\" src=\"https:\/\/www.trombamaurizio.it\/wp-content\/uploads\/2024\/02\/team-1024x683.jpg\" class=\"attachment-large size-large wp-image-174\" alt=\"\" srcset=\"https:\/\/www.trombamaurizio.it\/wp-content\/uploads\/2024\/02\/team-1024x683.jpg 1024w, https:\/\/www.trombamaurizio.it\/wp-content\/uploads\/2024\/02\/team-300x200.jpg 300w, https:\/\/www.trombamaurizio.it\/wp-content\/uploads\/2024\/02\/team-768x512.jpg 768w, https:\/\/www.trombamaurizio.it\/wp-content\/uploads\/2024\/02\/team-1536x1024.jpg 1536w, https:\/\/www.trombamaurizio.it\/wp-content\/uploads\/2024\/02\/team.jpg 1920w\" sizes=\"(max-width: 800px) 100vw, 800px\" \/>\t\t\t\t\t\t\t\t\t\t\t\t\t<\/div>\n\t\t\t\t<\/div>\n\t\t<div class=\"elementor-element elementor-element-e605f3f e-con-full e-flex e-con e-child\" data-id=\"e605f3f\" data-element_type=\"container\">\n\t\t\t\t<div class=\"elementor-element elementor-element-9dd3f1e elementor-widget elementor-widget-heading\" data-id=\"9dd3f1e\" data-element_type=\"widget\" data-widget_type=\"heading.default\">\n\t\t\t\t<div class=\"elementor-widget-container\">\n\t\t\t<style>\/*! elementor - v3.20.0 - 26-03-2024 *\/\n.elementor-heading-title{padding:0;margin:0;line-height:1}.elementor-widget-heading .elementor-heading-title[class*=elementor-size-]>a{color:inherit;font-size:inherit;line-height:inherit}.elementor-widget-heading .elementor-heading-title.elementor-size-small{font-size:15px}.elementor-widget-heading .elementor-heading-title.elementor-size-medium{font-size:19px}.elementor-widget-heading .elementor-heading-title.elementor-size-large{font-size:29px}.elementor-widget-heading .elementor-heading-title.elementor-size-xl{font-size:39px}.elementor-widget-heading .elementor-heading-title.elementor-size-xxl{font-size:59px}<\/style><h2 class=\"elementor-heading-title elementor-size-default\">Tromba Maurizio s.n.c.<\/h2>\t\t<\/div>\n\t\t\t\t<\/div>\n\t\t\t\t<div class=\"elementor-element elementor-element-05fafb8 elementor-widget elementor-widget-heading\" data-id=\"05fafb8\" data-element_type=\"widget\" data-widget_type=\"heading.default\">\n\t\t\t\t<div class=\"elementor-widget-container\">\n\t\t\t<h2 class=\"elementor-heading-title elementor-size-default\">Die Firma Tromba Maurizio s.n.c. wurde 1967 gegr\u00fcndet und stellte gebogenen Flanschen her.<\/h2>\t\t<\/div>\n\t\t\t\t<\/div>\n\t\t\t\t<div class=\"elementor-element elementor-element-de1aa8f elementor-widget__width-initial elementor-widget elementor-widget-text-editor\" data-id=\"de1aa8f\" data-element_type=\"widget\" data-widget_type=\"text-editor.default\">\n\t\t\t\t<div class=\"elementor-widget-container\">\n\t\t\t<style>\/*! elementor - v3.20.0 - 26-03-2024 *\/\n.elementor-widget-text-editor.elementor-drop-cap-view-stacked .elementor-drop-cap{background-color:#69727d;color:#fff}.elementor-widget-text-editor.elementor-drop-cap-view-framed .elementor-drop-cap{color:#69727d;border:3px solid;background-color:transparent}.elementor-widget-text-editor:not(.elementor-drop-cap-view-default) .elementor-drop-cap{margin-top:8px}.elementor-widget-text-editor:not(.elementor-drop-cap-view-default) .elementor-drop-cap-letter{width:1em;height:1em}.elementor-widget-text-editor .elementor-drop-cap{float:left;text-align:center;line-height:1;font-size:50px}.elementor-widget-text-editor .elementor-drop-cap-letter{display:inline-block}<\/style>\t\t\t\t<p>Mit der Zeit, ganz genau ab 1996, dank der gro\u00dfen Nachfrage auf Profilbiegen, spezialisierte sich das Unternehmen auf das Biegen von verschiedenen Querschnitte mit dem Erwerb von technologisch innovativen Maschinen.<\/p>\n<p>Seither ist unser technisches Engagement st\u00e4ndig gewachsen, um alle unz\u00e4hlige Bed\u00fcrfnissen der Nachfragen unserer Kunden auszuf\u00fchren, dabei oft mit L\u00f6sungen, die ihre W\u00fcnschvorstellungen sogar \u00fcbertrafen.&nbsp;<\/p>\t\t\t\t\t\t<\/div>\n\t\t\t\t<\/div>\n\t\t\t\t<\/div>\n\t\t\t\t<\/div>\n\t\t\t\t<div class=\"elementor-element elementor-element-6e8c61a elementor-widget__width-initial elementor-widget elementor-widget-text-editor\" data-id=\"6e8c61a\" data-element_type=\"widget\" data-widget_type=\"text-editor.default\">\n\t\t\t\t<div class=\"elementor-widget-container\">\n\t\t\t\t\t\t\t<p><span style=\"color: var( --e-global-color-text );\">Derzeit stehen unserem Unternehmen neun Profilbiegemaschinen zur Verf\u00fcgung, mit denen wir die M\u00f6glichkeit haben, beliebige Querschnitte von Tr\u00e4gern, UNP-Profilen, Winkelprofilen und Rohren mit dem gew\u00fcnschten Biegungsradius zu biegen. Unsere einzige \u201eBegrenzung\u201c kommt von den geltenden Konstruktions- und Sicherheitsvorschriften f\u00fcr das vorgesehene Mindestradius.<\/span><\/p>\n<p>Wir k\u00f6nnen Stangen bis zu einer L\u00e4nge von 18 m biegen. Uns steht eine Hubanlagen zur Verf\u00fcgung, die Teil bis zu 10 Tonnen bewegt.<\/p>\n<p>Dank der Vielseitigkeit unsere CNC-Anlagen k\u00f6nnen wir alle Anfragen von Kunden vollst\u00e4ndig ausf\u00fchren und gleichzeit ein hoch qualitatives Produkt liefern, das dem h\u00f6chsten Standard des Markts entspricht.<\/p>\n<p>Die Firma Tromba Maurizios Ziel ist es, alle Anfragen der Kunden zu erf\u00fcllen und gleichzeitig sich der st\u00e4ndigen Weiterentwicklung und Innovation f\u00fcr die qualitative Besserung der Dienstleistungen zu verpflichten.<br \/>Hiermit bitten wir Sie, Kontakt aufzunehmen, um gemeinsam mit uns die passende L\u00f6sung f\u00fcr Ihr Vorhaben zu erarbeiten.<\/p>\n<p>Sitz der Firma Tromba Maurizio s.n.c. ist in Verona, an der Ausfahrt der Umgehungsstra\u00dfe S\u00fcd, nur 3 km von der Autobahnzahlstelle Verona S\u00fcd. Sie ist mit den wichtigsten Verkehrswegen der Stadt Verona verbunden.<br \/>Das Unternehmen besitzt eine sehr lange Produktionserfahrung im Biegen von Tr\u00e4gern, sowie mit Rohren mit rundem, quadratischem und rechteckigem Querschnitt als auch alle anderen Querschnitte von Metallprofilen.<\/p>\n\t\t\t\t\t\t<\/div>\n\t\t\t\t<\/div>\n\t\t\t\t\t<\/div>\n\t\t\t\t<\/div>\n\t\t\t\t<\/div>\n\t\t","protected":false},"excerpt":{"rendered":"<p>Tromba Maurizio s.n.c. Die Firma Tromba Maurizio s.n.c. wurde 1967 gegr\u00fcndet und stellte gebogenen Flanschen her. Mit der Zeit, ganz genau ab 1996, dank der gro\u00dfen Nachfrage auf Profilbiegen, spezialisierte sich das Unternehmen auf das Biegen von verschiedenen Querschnitte mit dem Erwerb von technologisch innovativen Maschinen. Seither ist unser technisches Engagement st\u00e4ndig gewachsen, um alle [&hellip;]<\/p>\n","protected":false},"author":1,"featured_media":0,"parent":0,"menu_order":0,"comment_status":"closed","ping_status":"closed","template":"elementor_header_footer","meta":{"footnotes":""},"class_list":["post-2161","page","type-page","status-publish","hentry"],"yoast_head":"<!-- This site is optimized with the Yoast SEO plugin v22.3 - https:\/\/yoast.com\/wordpress\/plugins\/seo\/ -->\n<title>Tromba Maurizio e Andrea | Walzen und Biegen von Metallprofilen<\/title>\n<meta name=\"description\" content=\"Das Unternehmen besitzt eine sehr lange Produktionserfahrung im Walzen und Biegen von Metallprofilen\" \/>\n<meta name=\"robots\" content=\"index, follow, max-snippet:-1, max-image-preview:large, max-video-preview:-1\" \/>\n<link rel=\"canonical\" href=\"https:\/\/www.trombamaurizio.it\/de\/unternehmen\/\" \/>\n<meta property=\"og:locale\" content=\"de_DE\" \/>\n<meta property=\"og:type\" content=\"article\" \/>\n<meta property=\"og:title\" content=\"Tromba Maurizio e Andrea | Walzen und Biegen von Metallprofilen\" \/>\n<meta property=\"og:description\" content=\"Das Unternehmen besitzt eine sehr lange Produktionserfahrung im Walzen und Biegen von Metallprofilen\" \/>\n<meta property=\"og:url\" content=\"https:\/\/www.trombamaurizio.it\/de\/unternehmen\/\" \/>\n<meta property=\"og:site_name\" content=\"Tromba Maurizio Andrea\" \/>\n<meta property=\"article:modified_time\" content=\"2024-03-21T08:07:23+00:00\" \/>\n<meta property=\"og:image\" content=\"https:\/\/www.trombamaurizio.it\/wp-content\/uploads\/2024\/02\/team-1024x683.jpg\" \/>\n<meta name=\"twitter:card\" content=\"summary_large_image\" \/>\n<meta name=\"twitter:label1\" content=\"Gesch\u00e4tzte Lesezeit\" \/>\n\t<meta name=\"twitter:data1\" content=\"2\u00a0Minuten\" \/>\n<script type=\"application\/ld+json\" class=\"yoast-schema-graph\">{\"@context\":\"https:\/\/schema.org\",\"@graph\":[{\"@type\":\"WebPage\",\"@id\":\"https:\/\/www.trombamaurizio.it\/de\/unternehmen\/\",\"url\":\"https:\/\/www.trombamaurizio.it\/de\/unternehmen\/\",\"name\":\"Tromba Maurizio e Andrea | Walzen und Biegen von Metallprofilen\",\"isPartOf\":{\"@id\":\"https:\/\/www.trombamaurizio.it\/de\/#website\"},\"primaryImageOfPage\":{\"@id\":\"https:\/\/www.trombamaurizio.it\/de\/unternehmen\/#primaryimage\"},\"image\":{\"@id\":\"https:\/\/www.trombamaurizio.it\/de\/unternehmen\/#primaryimage\"},\"thumbnailUrl\":\"https:\/\/www.trombamaurizio.it\/wp-content\/uploads\/2024\/02\/team-1024x683.jpg\",\"datePublished\":\"2024-02-21T07:05:01+00:00\",\"dateModified\":\"2024-03-21T08:07:23+00:00\",\"description\":\"Das Unternehmen besitzt eine sehr lange Produktionserfahrung im Walzen und Biegen von Metallprofilen\",\"breadcrumb\":{\"@id\":\"https:\/\/www.trombamaurizio.it\/de\/unternehmen\/#breadcrumb\"},\"inLanguage\":\"de\",\"potentialAction\":[{\"@type\":\"ReadAction\",\"target\":[\"https:\/\/www.trombamaurizio.it\/de\/unternehmen\/\"]}]},{\"@type\":\"ImageObject\",\"inLanguage\":\"de\",\"@id\":\"https:\/\/www.trombamaurizio.it\/de\/unternehmen\/#primaryimage\",\"url\":\"https:\/\/www.trombamaurizio.it\/wp-content\/uploads\/2024\/02\/team.jpg\",\"contentUrl\":\"https:\/\/www.trombamaurizio.it\/wp-content\/uploads\/2024\/02\/team.jpg\",\"width\":1920,\"height\":1280},{\"@type\":\"BreadcrumbList\",\"@id\":\"https:\/\/www.trombamaurizio.it\/de\/unternehmen\/#breadcrumb\",\"itemListElement\":[{\"@type\":\"ListItem\",\"position\":1,\"name\":\"Home\",\"item\":\"https:\/\/www.trombamaurizio.it\/de\/home\/\"},{\"@type\":\"ListItem\",\"position\":2,\"name\":\"Unternehmen\"}]},{\"@type\":\"WebSite\",\"@id\":\"https:\/\/www.trombamaurizio.it\/de\/#website\",\"url\":\"https:\/\/www.trombamaurizio.it\/de\/\",\"name\":\"Calandratura e curvatura di profili metallici strutturali\",\"description\":\"Calandratura e curvatura di profili metallici\",\"publisher\":{\"@id\":\"https:\/\/www.trombamaurizio.it\/de\/#organization\"},\"alternateName\":\"Calandratura e curvatura di profili metallici\",\"potentialAction\":[{\"@type\":\"SearchAction\",\"target\":{\"@type\":\"EntryPoint\",\"urlTemplate\":\"https:\/\/www.trombamaurizio.it\/de\/?s={search_term_string}\"},\"query-input\":\"required name=search_term_string\"}],\"inLanguage\":\"de\"},{\"@type\":\"Organization\",\"@id\":\"https:\/\/www.trombamaurizio.it\/de\/#organization\",\"name\":\"Calandratura e curvatura di profili metallici strutturali\",\"url\":\"https:\/\/www.trombamaurizio.it\/de\/\",\"logo\":{\"@type\":\"ImageObject\",\"inLanguage\":\"de\",\"@id\":\"https:\/\/www.trombamaurizio.it\/de\/#\/schema\/logo\/image\/\",\"url\":\"https:\/\/www.trombamaurizio.it\/wp-content\/uploads\/2024\/02\/logo_new.jpg\",\"contentUrl\":\"https:\/\/www.trombamaurizio.it\/wp-content\/uploads\/2024\/02\/logo_new.jpg\",\"width\":210,\"height\":121,\"caption\":\"Calandratura e curvatura di profili metallici strutturali\"},\"image\":{\"@id\":\"https:\/\/www.trombamaurizio.it\/de\/#\/schema\/logo\/image\/\"}}]}<\/script>\n<!-- \/ Yoast SEO plugin. -->","yoast_head_json":{"title":"Tromba Maurizio e Andrea | Walzen und Biegen von Metallprofilen","description":"Das Unternehmen besitzt eine sehr lange Produktionserfahrung im Walzen und Biegen von Metallprofilen","robots":{"index":"index","follow":"follow","max-snippet":"max-snippet:-1","max-image-preview":"max-image-preview:large","max-video-preview":"max-video-preview:-1"},"canonical":"https:\/\/www.trombamaurizio.it\/de\/unternehmen\/","og_locale":"de_DE","og_type":"article","og_title":"Tromba Maurizio e Andrea | Walzen und Biegen von Metallprofilen","og_description":"Das Unternehmen besitzt eine sehr lange Produktionserfahrung im Walzen und Biegen von Metallprofilen","og_url":"https:\/\/www.trombamaurizio.it\/de\/unternehmen\/","og_site_name":"Tromba Maurizio Andrea","article_modified_time":"2024-03-21T08:07:23+00:00","og_image":[{"url":"https:\/\/www.trombamaurizio.it\/wp-content\/uploads\/2024\/02\/team-1024x683.jpg"}],"twitter_card":"summary_large_image","twitter_misc":{"Gesch\u00e4tzte Lesezeit":"2\u00a0Minuten"},"schema":{"@context":"https:\/\/schema.org","@graph":[{"@type":"WebPage","@id":"https:\/\/www.trombamaurizio.it\/de\/unternehmen\/","url":"https:\/\/www.trombamaurizio.it\/de\/unternehmen\/","name":"Tromba Maurizio e Andrea | Walzen und Biegen von Metallprofilen","isPartOf":{"@id":"https:\/\/www.trombamaurizio.it\/de\/#website"},"primaryImageOfPage":{"@id":"https:\/\/www.trombamaurizio.it\/de\/unternehmen\/#primaryimage"},"image":{"@id":"https:\/\/www.trombamaurizio.it\/de\/unternehmen\/#primaryimage"},"thumbnailUrl":"https:\/\/www.trombamaurizio.it\/wp-content\/uploads\/2024\/02\/team-1024x683.jpg","datePublished":"2024-02-21T07:05:01+00:00","dateModified":"2024-03-21T08:07:23+00:00","description":"Das Unternehmen besitzt eine sehr lange Produktionserfahrung im Walzen und Biegen von Metallprofilen","breadcrumb":{"@id":"https:\/\/www.trombamaurizio.it\/de\/unternehmen\/#breadcrumb"},"inLanguage":"de","potentialAction":[{"@type":"ReadAction","target":["https:\/\/www.trombamaurizio.it\/de\/unternehmen\/"]}]},{"@type":"ImageObject","inLanguage":"de","@id":"https:\/\/www.trombamaurizio.it\/de\/unternehmen\/#primaryimage","url":"https:\/\/www.trombamaurizio.it\/wp-content\/uploads\/2024\/02\/team.jpg","contentUrl":"https:\/\/www.trombamaurizio.it\/wp-content\/uploads\/2024\/02\/team.jpg","width":1920,"height":1280},{"@type":"BreadcrumbList","@id":"https:\/\/www.trombamaurizio.it\/de\/unternehmen\/#breadcrumb","itemListElement":[{"@type":"ListItem","position":1,"name":"Home","item":"https:\/\/www.trombamaurizio.it\/de\/home\/"},{"@type":"ListItem","position":2,"name":"Unternehmen"}]},{"@type":"WebSite","@id":"https:\/\/www.trombamaurizio.it\/de\/#website","url":"https:\/\/www.trombamaurizio.it\/de\/","name":"Calandratura e curvatura di profili metallici strutturali","description":"Calandratura e curvatura di profili metallici","publisher":{"@id":"https:\/\/www.trombamaurizio.it\/de\/#organization"},"alternateName":"Calandratura e curvatura di profili metallici","potentialAction":[{"@type":"SearchAction","target":{"@type":"EntryPoint","urlTemplate":"https:\/\/www.trombamaurizio.it\/de\/?s={search_term_string}"},"query-input":"required name=search_term_string"}],"inLanguage":"de"},{"@type":"Organization","@id":"https:\/\/www.trombamaurizio.it\/de\/#organization","name":"Calandratura e curvatura di profili metallici strutturali","url":"https:\/\/www.trombamaurizio.it\/de\/","logo":{"@type":"ImageObject","inLanguage":"de","@id":"https:\/\/www.trombamaurizio.it\/de\/#\/schema\/logo\/image\/","url":"https:\/\/www.trombamaurizio.it\/wp-content\/uploads\/2024\/02\/logo_new.jpg","contentUrl":"https:\/\/www.trombamaurizio.it\/wp-content\/uploads\/2024\/02\/logo_new.jpg","width":210,"height":121,"caption":"Calandratura e curvatura di profili metallici strutturali"},"image":{"@id":"https:\/\/www.trombamaurizio.it\/de\/#\/schema\/logo\/image\/"}}]}},"_links":{"self":[{"href":"https:\/\/www.trombamaurizio.it\/de\/wp-json\/wp\/v2\/pages\/2161","targetHints":{"allow":["GET"]}}],"collection":[{"href":"https:\/\/www.trombamaurizio.it\/de\/wp-json\/wp\/v2\/pages"}],"about":[{"href":"https:\/\/www.trombamaurizio.it\/de\/wp-json\/wp\/v2\/types\/page"}],"author":[{"embeddable":true,"href":"https:\/\/www.trombamaurizio.it\/de\/wp-json\/wp\/v2\/users\/1"}],"replies":[{"embeddable":true,"href":"https:\/\/www.trombamaurizio.it\/de\/wp-json\/wp\/v2\/comments?post=2161"}],"version-history":[{"count":3,"href":"https:\/\/www.trombamaurizio.it\/de\/wp-json\/wp\/v2\/pages\/2161\/revisions"}],"predecessor-version":[{"id":2164,"href":"https:\/\/www.trombamaurizio.it\/de\/wp-json\/wp\/v2\/pages\/2161\/revisions\/2164"}],"wp:attachment":[{"href":"https:\/\/www.trombamaurizio.it\/de\/wp-json\/wp\/v2\/media?parent=2161"}],"curies":[{"name":"wp","href":"https:\/\/api.w.org\/{rel}","templated":true}]}}